{"id":358,"date":"2021-11-23T21:31:37","date_gmt":"2021-11-23T21:31:37","guid":{"rendered":"https:\/\/celiefederico.eu\/home-2-2\/"},"modified":"2022-03-20T19:58:53","modified_gmt":"2022-03-20T19:58:53","slug":"home-2-2","status":"publish","type":"page","link":"https:\/\/celiefederico.eu\/fr\/","title":{"rendered":"Home"},"content":{"rendered":"<!--themify_builder_content-->\n<div id=\"themify_builder_content-358\" data-postid=\"358\" class=\"themify_builder_content themify_builder_content-358 themify_builder tf_clear\">\n                    <div  data-css_id=\"r5pd690\" data-lazy=\"1\" class=\"module_row themify_builder_row fullwidth tb_r5pd690 tb_first tf_w\">\n                        <div class=\"row_inner col_align_top tb_col_count_1 tf_box tf_rel\">\n                        <div  data-lazy=\"1\" class=\"module_column tb-column col-full tb_7hsc060 first\">\n                            <\/div>\n                        <\/div>\n        <\/div>\n                        <div  data-lazy=\"1\" class=\"module_row themify_builder_row tb_2cb3601 tf_w\">\n                        <div class=\"row_inner col_align_top tb_col_count_1 tf_box tf_rel\">\n                        <div  data-lazy=\"1\" class=\"module_column tb-column col-full tb_clc1116 first\">\n                    <!-- module image -->\n<div  class=\"module module-image tb_8q2k007 image-center   tf_mw\" data-lazy=\"1\">\n        <div class=\"image-wrap tf_rel tf_mw\">\n                \n        <\/div>\n    <!-- \/image-wrap -->\n    \n        <div class=\"image-content\">\n                        <div class=\"image-caption tb_text_wrap\">\n            \u00ab Libiamo, libiamo ne&rsquo; lieti calici, che la bellezza infiora<br \/> E la fuggevol, fuggevol ora s&rsquo;inebri\u00ec a volutt\u00e0<br \/> Libiam ne&rsquo; dolci fremiti che suscita l&rsquo;amore<br \/> Poich\u00e8 quell&rsquo;occhio al core onnipotente va \u00bb\u00a0        <\/div>\n        <!-- \/image-caption -->\n            <\/div>\n    <!-- \/image-content -->\n        <\/div>\n<!-- \/module image --><!-- module image -->\n<div  class=\"module module-image tb_wi8l011 image-center   tf_mw\" data-lazy=\"1\">\n        <div class=\"image-wrap tf_rel tf_mw\">\n                \n        <\/div>\n    <!-- \/image-wrap -->\n    \n        <div class=\"image-content\">\n                        <div class=\"image-caption tb_text_wrap\">\n            Giuseppe Verdi, La Traviata, acte I.        <\/div>\n        <!-- \/image-caption -->\n            <\/div>\n    <!-- \/image-content -->\n        <\/div>\n<!-- \/module image -->        <\/div>\n                        <\/div>\n        <\/div>\n                        <div  data-css_id=\"0pnl140\" data-lazy=\"1\" class=\"module_row themify_builder_row fullwidth tb_0pnl140 tf_w\">\n                        <div class=\"row_inner col_align_top tb_col_count_1 tf_box tf_rel\">\n                        <div  data-lazy=\"1\" class=\"module_column tb-column col-full tb_94el643 first\">\n                    <!-- module image -->\n<div  class=\"module module-image tb_lc3e614 image-center   tf_mw\" data-lazy=\"1\">\n        <div class=\"image-wrap tf_rel tf_mw\">\n            <a href=\"https:\/\/celiefederico.eu\/fr\/connectez\/\">\n                   <img loading=\"lazy\" decoding=\"async\" width=\"1000\" height=\"1000\" src=\"https:\/\/celiefederico.eu\/wp-content\/uploads\/2021\/11\/Invito-matrimonio-per-sito-francese.jpg\" class=\"wp-post-image wp-image-336\" title=\"Invito-matrimonio-per-sito-francese\" alt=\"Invito-matrimonio-per-sito-francese\" srcset=\"https:\/\/celiefederico.eu\/wp-content\/uploads\/2021\/11\/Invito-matrimonio-per-sito-francese.jpg 1000w, https:\/\/celiefederico.eu\/wp-content\/uploads\/2021\/11\/Invito-matrimonio-per-sito-francese-300x300.jpg 300w, https:\/\/celiefederico.eu\/wp-content\/uploads\/2021\/11\/Invito-matrimonio-per-sito-francese-150x150.jpg 150w, https:\/\/celiefederico.eu\/wp-content\/uploads\/2021\/11\/Invito-matrimonio-per-sito-francese-768x768.jpg 768w\" sizes=\"auto, (max-width: 1000px) 100vw, 1000px\" \/>        <\/a>\n    \n        <\/div>\n    <!-- \/image-wrap -->\n    \n        <\/div>\n<!-- \/module image -->        <\/div>\n                        <\/div>\n        <\/div>\n        <\/div>\n<!--\/themify_builder_content-->","protected":false},"excerpt":{"rendered":"<p>\u00ab Libiamo, libiamo ne&rsquo; lieti calici, che la bellezza infiora E la fuggevol, fuggevol ora s&rsquo;inebri\u00ec a volutt\u00e0 Libiam ne&rsquo; dolci fremiti che suscita l&rsquo;amore Poich\u00e8 quell&rsquo;occhio al core onnipotente va \u00bb\u00a0 Giuseppe Verdi, La Traviata, acte I.<\/p>\n","protected":false},"author":1,"featured_media":0,"parent":0,"menu_order":0,"comment_status":"closed","ping_status":"closed","template":"","meta":{"footnotes":""},"class_list":["post-358","page","type-page","status-publish","hentry","has-post-title","has-post-date","has-post-category","has-post-tag","has-post-comment","has-post-author",""],"builder_content":"\u00ab Libiamo, libiamo ne' lieti calici, che la bellezza infiora<br \/> E la fuggevol, fuggevol ora s'inebri\u00ec a volutt\u00e0<br \/> Libiam ne' dolci fremiti che suscita l'amore<br \/> Poich\u00e8 quell'occhio al core onnipotente va \u00bb\u00a0\nGiuseppe Verdi, La Traviata, acte I.\n<a href=\"https:\/\/celiefederico.eu\/fr\/connectez\/\"> <img src=\"https:\/\/celiefederico.eu\/wp-content\/uploads\/2021\/11\/Invito-matrimonio-per-sito-francese.jpg\" title=\"Invito-matrimonio-per-sito-francese\" alt=\"Invito-matrimonio-per-sito-francese\" srcset=\"https:\/\/celiefederico.eu\/wp-content\/uploads\/2021\/11\/Invito-matrimonio-per-sito-francese.jpg 1000w, https:\/\/celiefederico.eu\/wp-content\/uploads\/2021\/11\/Invito-matrimonio-per-sito-francese-300x300.jpg 300w, https:\/\/celiefederico.eu\/wp-content\/uploads\/2021\/11\/Invito-matrimonio-per-sito-francese-150x150.jpg 150w, https:\/\/celiefederico.eu\/wp-content\/uploads\/2021\/11\/Invito-matrimonio-per-sito-francese-768x768.jpg 768w\" sizes=\"(max-width: 1000px) 100vw, 1000px\" \/> <\/a>","_links":{"self":[{"href":"https:\/\/celiefederico.eu\/fr\/wp-json\/wp\/v2\/pages\/358","targetHints":{"allow":["GET"]}}],"collection":[{"href":"https:\/\/celiefederico.eu\/fr\/wp-json\/wp\/v2\/pages"}],"about":[{"href":"https:\/\/celiefederico.eu\/fr\/wp-json\/wp\/v2\/types\/page"}],"author":[{"embeddable":true,"href":"https:\/\/celiefederico.eu\/fr\/wp-json\/wp\/v2\/users\/1"}],"replies":[{"embeddable":true,"href":"https:\/\/celiefederico.eu\/fr\/wp-json\/wp\/v2\/comments?post=358"}],"version-history":[{"count":11,"href":"https:\/\/celiefederico.eu\/fr\/wp-json\/wp\/v2\/pages\/358\/revisions"}],"predecessor-version":[{"id":641,"href":"https:\/\/celiefederico.eu\/fr\/wp-json\/wp\/v2\/pages\/358\/revisions\/641"}],"wp:attachment":[{"href":"https:\/\/celiefederico.eu\/fr\/wp-json\/wp\/v2\/media?parent=358"}],"curies":[{"name":"wp","href":"https:\/\/api.w.org\/{rel}","templated":true}]}}